{"id":79,"date":"2025-04-05T16:56:18","date_gmt":"2025-04-05T16:56:18","guid":{"rendered":"https:\/\/yolandatelloosteopatia.com\/?page_id=79"},"modified":"2025-04-05T17:13:24","modified_gmt":"2025-04-05T17:13:24","slug":"ultimos-pasos","status":"publish","type":"page","link":"https:\/\/yolandatelloosteopatia.com\/index.php\/ultimos-pasos\/","title":{"rendered":"\u00daltimos pasos"},"content":{"rendered":"\t\t<div data-elementor-type=\"wp-page\" data-elementor-id=\"79\" class=\"elementor elementor-79\" data-elementor-post-type=\"page\">\n\t\t\t\t\t\t<section class=\"elementor-section elementor-top-section elementor-element elementor-element-301dea05 elementor-section-boxed elementor-section-height-default elementor-section-height-default\" data-id=\"301dea05\" data-element_type=\"section\" data-e-type=\"section\" data-settings=\"{&quot;background_background&quot;:&quot;gradient&quot;}\">\n\t\t\t\t\t\t<div class=\"elementor-container elementor-column-gap-default\">\n\t\t\t\t\t<div class=\"elementor-column elementor-col-100 elementor-top-column elementor-element elementor-element-296308ad\" data-id=\"296308ad\" data-element_type=\"column\" data-e-type=\"column\">\n\t\t\t<div class=\"elementor-widget-wrap elementor-element-populated\">\n\t\t\t\t\t\t<div class=\"elementor-element elementor-element-43f1fbe4 elementor-widget elementor-widget-heading\" data-id=\"43f1fbe4\" data-element_type=\"widget\" data-e-type=\"widget\" data-widget_type=\"heading.default\">\n\t\t\t\t\t<h2 class=\"elementor-heading-title elementor-size-default\">Ya casi est\u00e1s, solo quedan dos simples pasos<\/h2>\t\t\t\t<\/div>\n\t\t\t\t<div class=\"elementor-element elementor-element-1f0e3e1c elementor-widget elementor-widget-heading\" data-id=\"1f0e3e1c\" data-element_type=\"widget\" data-e-type=\"widget\" data-widget_type=\"heading.default\">\n\t\t\t\t\t<h2 class=\"elementor-heading-title elementor-size-default\"><a href=\"https:\/\/chat.whatsapp.com\/KOMaikQ9bUK9u8SxMHp2OF\">#1 - \u00danete al grupo de WhatsApp <\/a><\/h2>\t\t\t\t<\/div>\n\t\t\t\t<div class=\"elementor-element elementor-element-61fb2a4 elementor-widget elementor-widget-text-editor\" data-id=\"61fb2a4\" data-element_type=\"widget\" data-e-type=\"widget\" data-widget_type=\"text-editor.default\">\n\t\t\t\t\t\t\t\t\t<p>All\u00ed estar\u00e9 compartiendo novedades, recordatorios y toda la informaci\u00f3n referida al taller.<\/p>\t\t\t\t\t\t\t\t<\/div>\n\t\t\t\t<div class=\"elementor-element elementor-element-6954e827 elementor-align-center elementor-widget elementor-widget-button\" data-id=\"6954e827\" data-element_type=\"widget\" data-e-type=\"widget\" data-widget_type=\"button.default\">\n\t\t\t\t\t\t\t\t\t\t<a class=\"elementor-button elementor-button-link elementor-size-sm elementor-animation-pop\" href=\"https:\/\/chat.whatsapp.com\/KOMaikQ9bUK9u8SxMHp2OFT\">\n\t\t\t\t\t\t<span class=\"elementor-button-content-wrapper\">\n\t\t\t\t\t\t<span class=\"elementor-button-icon\">\n\t\t\t\t<svg xmlns=\"http:\/\/www.w3.org\/2000\/svg\" id=\"b385ca18-4b85-46d4-bb4b-571c73a19812\" data-name=\"b922a425-e5e0-4ef1-881c-5748460fd139\" viewBox=\"0 0 30.125 18.1738\"><title>arrow-icon-size3<\/title><path d=\"M29.75,9.3948,21.5281,1.1735a.8479.8479,0,0,0-.601-.261L20.9124.9119a.8526.8526,0,0,0-.5956.2409.8642.8642,0,0,0-.0027,1.23l6.7618,6.7611H.7316a.8566.8566,0,1,0,0,1.7131H27.0759l-6.7591,6.7591a.8576.8576,0,0,0-.0214,1.2113.8462.8462,0,0,0,.61.2583.8949.8949,0,0,0,.621-.2556l8.2233-8.224A.8587.8587,0,0,0,29.75,9.3948Z\" transform=\"translate(0.125 -0.9119)\"><\/path><\/svg>\t\t\t<\/span>\n\t\t\t\t\t\t\t\t\t<span class=\"elementor-button-text\">Unirme al grupo de Whatsapp <\/span>\n\t\t\t\t\t<\/span>\n\t\t\t\t\t<\/a>\n\t\t\t\t\t\t\t\t<\/div>\n\t\t\t\t<div class=\"elementor-element elementor-element-697b5755 elementor-widget elementor-widget-text-editor\" data-id=\"697b5755\" data-element_type=\"widget\" data-e-type=\"widget\" data-widget_type=\"text-editor.default\">\n\t\t\t\t\t\t\t\t\t<p><span style=\"font-style: inherit; font-weight: inherit;\">Ser\u00e1s redireccionado en:<\/span><\/p>\t\t\t\t\t\t\t\t<\/div>\n\t\t\t\t<div class=\"elementor-element elementor-element-6f23c386 elementor-countdown--label-block elementor-widget elementor-widget-countdown\" data-id=\"6f23c386\" data-element_type=\"widget\" data-e-type=\"widget\" data-widget_type=\"countdown.default\">\n\t\t\t\t\t\t\t<div data-evergreen-interval=\"30\" data-expire-actions=\"[{&quot;type&quot;:&quot;redirect&quot;,&quot;redirect_url&quot;:&quot;https:\\\/\\\/chat.whatsapp.com\\\/KOMaikQ9bUK9u8SxMHp2OF&quot;}]\" class=\"elementor-countdown-wrapper\" data-date=\"\">\n\t\t\t<div class=\"elementor-countdown-item\"><span class=\"elementor-countdown-digits elementor-countdown-seconds\"><\/span> <span class=\"elementor-countdown-label\">Segundos<\/span><\/div>\t\t<\/div>\n\t\t\t\t\t\t<\/div>\n\t\t\t\t<div class=\"elementor-element elementor-element-e464350 elementor-widget elementor-widget-heading\" data-id=\"e464350\" data-element_type=\"widget\" data-e-type=\"widget\" data-widget_type=\"heading.default\">\n\t\t\t\t\t<h2 class=\"elementor-heading-title elementor-size-default\">#2 - Revisa tu correo electr\u00f3nico<\/h2>\t\t\t\t<\/div>\n\t\t\t\t<div class=\"elementor-element elementor-element-17a84b9b elementor-widget elementor-widget-text-editor\" data-id=\"17a84b9b\" data-element_type=\"widget\" data-e-type=\"widget\" data-widget_type=\"text-editor.default\">\n\t\t\t\t\t\t\t\t\t<p>Acabo de enviarte un email con informaci\u00f3n importante.\u00a0<br \/>Revisa tu bandeja de entrada y, si no est\u00e1 all\u00ed, mira en \u00abSpam\u00bb, \u00abPromociones\u00bb o \u00abCorreo no deseado\u00bb, luego mu\u00e9velo a la bandeja de entrada <span class=\"fe5nidar khvhiq1o r5qsrrlp i5tg98hk f9ovudaz przvwfww gx1rr48f gfz4du6o r7fjleex nz2484kf svot0ezm dcnh1tix sxl192xd t3g6t33p\"><span class=\"mpj7bzys xzlurrtv\">\ud83d\ude09<\/span><\/span><\/p>\t\t\t\t\t\t\t\t<\/div>\n\t\t\t\t<div class=\"elementor-element elementor-element-58d76261 elementor-widget elementor-widget-heading\" data-id=\"58d76261\" data-element_type=\"widget\" data-e-type=\"widget\" data-widget_type=\"heading.default\">\n\t\t\t\t\t<h2 class=\"elementor-heading-title elementor-size-default\"><a href=\"https:\/\/chat.whatsapp.com\/KOMaikQ9bUK9u8SxMHp2OF\">\u00a1Y eso es todo!<\/a><\/h2>\t\t\t\t<\/div>\n\t\t\t\t<div class=\"elementor-element elementor-element-6b32f509 elementor-widget elementor-widget-heading\" data-id=\"6b32f509\" data-element_type=\"widget\" data-e-type=\"widget\" data-widget_type=\"heading.default\">\n\t\t\t\t\t<h3 class=\"elementor-heading-title elementor-size-default\">Nos vemos el FECHA Y HORA.\n\nPon tu nombre.<\/h3>\t\t\t\t<\/div>\n\t\t\t\t\t<\/div>\n\t\t<\/div>\n\t\t\t\t\t<\/div>\n\t\t<\/section>\n\t\t<div class=\"elementor-element elementor-element-b743b76 e-flex e-con-boxed e-con e-parent\" data-id=\"b743b76\" data-element_type=\"container\" data-e-type=\"container\">\n\t\t\t\t\t<div class=\"e-con-inner\">\n\t\t\t\t\t<\/div>\n\t\t\t\t<\/div>\n\t\t\t\t<\/div>\n\t\t","protected":false},"excerpt":{"rendered":"<p>Ya casi est\u00e1s, solo quedan dos simples pasos #1 &#8211; \u00danete al grupo de WhatsApp All\u00ed estar\u00e9 compartiendo novedades, recordatorios y toda la informaci\u00f3n referida al taller. arrow-icon-size3 Unirme al grupo de Whatsapp Ser\u00e1s redireccionado en: Segundos #2 &#8211; Revisa tu correo electr\u00f3nico Acabo de enviarte un email con informaci\u00f3n importante.\u00a0Revisa tu bandeja de entrada &#8230; <a title=\"\u00daltimos pasos\" class=\"read-more\" href=\"https:\/\/yolandatelloosteopatia.com\/index.php\/ultimos-pasos\/\" aria-label=\"Leer m\u00e1s sobre \u00daltimos pasos\">Leer m\u00e1s<\/a><\/p>\n","protected":false},"author":1,"featured_media":0,"parent":0,"menu_order":0,"comment_status":"closed","ping_status":"closed","template":"elementor_canvas","meta":{"_joinchat":[],"footnotes":""},"class_list":["post-79","page","type-page","status-publish"],"_links":{"self":[{"href":"https:\/\/yolandatelloosteopatia.com\/index.php\/wp-json\/wp\/v2\/pages\/79","targetHints":{"allow":["GET"]}}],"collection":[{"href":"https:\/\/yolandatelloosteopatia.com\/index.php\/wp-json\/wp\/v2\/pages"}],"about":[{"href":"https:\/\/yolandatelloosteopatia.com\/index.php\/wp-json\/wp\/v2\/types\/page"}],"author":[{"embeddable":true,"href":"https:\/\/yolandatelloosteopatia.com\/index.php\/wp-json\/wp\/v2\/users\/1"}],"replies":[{"embeddable":true,"href":"https:\/\/yolandatelloosteopatia.com\/index.php\/wp-json\/wp\/v2\/comments?post=79"}],"version-history":[{"count":6,"href":"https:\/\/yolandatelloosteopatia.com\/index.php\/wp-json\/wp\/v2\/pages\/79\/revisions"}],"predecessor-version":[{"id":91,"href":"https:\/\/yolandatelloosteopatia.com\/index.php\/wp-json\/wp\/v2\/pages\/79\/revisions\/91"}],"wp:attachment":[{"href":"https:\/\/yolandatelloosteopatia.com\/index.php\/wp-json\/wp\/v2\/media?parent=79"}],"curies":[{"name":"wp","href":"https:\/\/api.w.org\/{rel}","templated":true}]}}